{"id":32,"date":"2015-01-24T21:49:56","date_gmt":"2015-01-24T21:49:56","guid":{"rendered":"http:\/\/www.munich-swinging-bells.de\/?page_id=32"},"modified":"2023-04-25T22:32:35","modified_gmt":"2023-04-25T20:32:35","slug":"tanzort","status":"publish","type":"page","link":"https:\/\/www.munich-swinging-bells.de\/?page_id=32","title":{"rendered":"Tanzplatz"},"content":{"rendered":"<p><strong>MCG Ranch, Haus 5<\/strong><br \/>\n<strong>im B\u00fcrgerpark Oberf\u00f6hring<\/strong><br \/>\n<strong>Oberf\u00f6hringer Stra\u00dfe 156b<\/strong><br \/>\n<strong>81925 M\u00fcnchen<\/strong><br \/>\n<strong>Germany<\/strong><\/p>\n<p>&nbsp;<\/p>\n<p><strong>Telefon vor Ort<\/strong> (nur zu Tanzzeiten erreichbar):<br \/>\nPhone number at Hall (only available on dance nights):<br \/>\n089\/9579455<\/p>\n<p>&nbsp;<\/p>\n<p>Club Freitag \/ Friday 20:00 Uhr<br \/>\nSquare Dance Class Sonntag \/ Sunday 17:00 Uhr<br \/>\nRound Dance Class Freitag \/ Friday 18:30 Uhr<\/p>\n<p>&nbsp;<\/p>\n<h3>Anfahrt \/ description for travel<\/h3>\n<p>Mit den \u00f6ffentlichen Verkehrsmittel (MVG) \/ public transport:<br \/>\nU-Bahn <strong>U4<\/strong> bis <strong>&#8222;Richard-Strau\u00df-Stra\u00dfe&#8220;<\/strong>, weiter mit \/ continue with<br \/>\n<strong>Bus 187, 188 oder 189<\/strong> bis <strong>&#8222;B\u00fcrgerpark Oberf\u00f6hring&#8220;<\/strong><\/p>\n<p>&nbsp;<\/p>\n<p><strong>Koordinaten \/ Coordinates<\/strong><br \/>\nN 48.1651, E 11.6239<\/p>\n<p>&nbsp;<\/p>\n<p><img loading=\"lazy\" decoding=\"async\" class=\"aligncenter size-thumbnail wp-image-1665\" src=\"https:\/\/www.munich-swinging-bells.de\/wp-content\/uploads\/2021\/03\/Buergerpark_Oberfoehring-420x520.png\" alt=\"\" width=\"420\" height=\"520\" srcset=\"https:\/\/www.munich-swinging-bells.de\/wp-content\/uploads\/2021\/03\/Buergerpark_Oberfoehring-420x520.png 420w, https:\/\/www.munich-swinging-bells.de\/wp-content\/uploads\/2021\/03\/Buergerpark_Oberfoehring.png 430w\" sizes=\"auto, (max-width: 420px) 100vw, 420px\" \/><\/p>\n<p><!--:--><\/p>\n","protected":false},"excerpt":{"rendered":"<p>MCG Ranch, Haus 5 im B\u00fcrgerpark Oberf\u00f6hring Oberf\u00f6hringer Stra\u00dfe 156b 81925 M\u00fcnchen Germany &nbsp; Telefon vor Ort (nur zu Tanzzeiten erreichbar): Phone number at Hall (only available on dance nights): 089\/9579455 &nbsp; Club Freitag \/ Friday 20:00 Uhr Square Dance Class Sonntag \/ Sunday 17:00 Uhr Round Dance Class Freitag \/ Friday 18:30 Uhr &nbsp;\u2026 <span class=\"read-more\"><a href=\"https:\/\/www.munich-swinging-bells.de\/?page_id=32\">Weiterlesen &raquo;<\/a><\/span><\/p>\n","protected":false},"author":3,"featured_media":0,"parent":0,"menu_order":0,"comment_status":"closed","ping_status":"closed","template":"","meta":{"footnotes":""},"class_list":["post-32","page","type-page","status-publish","hentry"],"_links":{"self":[{"href":"https:\/\/www.munich-swinging-bells.de\/index.php?rest_route=\/wp\/v2\/pages\/32","targetHints":{"allow":["GET"]}}],"collection":[{"href":"https:\/\/www.munich-swinging-bells.de\/index.php?rest_route=\/wp\/v2\/pages"}],"about":[{"href":"https:\/\/www.munich-swinging-bells.de\/index.php?rest_route=\/wp\/v2\/types\/page"}],"author":[{"embeddable":true,"href":"https:\/\/www.munich-swinging-bells.de\/index.php?rest_route=\/wp\/v2\/users\/3"}],"replies":[{"embeddable":true,"href":"https:\/\/www.munich-swinging-bells.de\/index.php?rest_route=%2Fwp%2Fv2%2Fcomments&post=32"}],"version-history":[{"count":19,"href":"https:\/\/www.munich-swinging-bells.de\/index.php?rest_route=\/wp\/v2\/pages\/32\/revisions"}],"predecessor-version":[{"id":1676,"href":"https:\/\/www.munich-swinging-bells.de\/index.php?rest_route=\/wp\/v2\/pages\/32\/revisions\/1676"}],"wp:attachment":[{"href":"https:\/\/www.munich-swinging-bells.de\/index.php?rest_route=%2Fwp%2Fv2%2Fmedia&parent=32"}],"curies":[{"name":"wp","href":"https:\/\/api.w.org\/{rel}","templated":true}]}}