{"id":20,"date":"2015-01-24T20:20:29","date_gmt":"2015-01-24T20:20:29","guid":{"rendered":"http:\/\/www.munich-swinging-bells.de\/?page_id=20"},"modified":"2026-03-28T18:14:12","modified_gmt":"2026-03-28T17:14:12","slug":"kontakt","status":"publish","type":"page","link":"https:\/\/www.munich-swinging-bells.de\/?page_id=20","title":{"rendered":"Kontakt"},"content":{"rendered":"\r\n<h2>Boardmitglieder<\/h2>\r\n<h3 style=\"text-align: center;\">President:<\/h3>\r\n<p style=\"text-align: center;\"><a href=\"mailto:president@munich-swinging-bells.de\">Jessica Lange<\/a><!--<br \/>Tel:+49 (0) 89 93 92 89 43<\/p>--><\/p>\r\n<h3 style=\"text-align: center;\">Vice-President:<\/h3>\r\n<p style=\"text-align: center;\"><a href=\"mailto:vicepresident@munich-swinging-bells.de\">Rosi Harbach<\/a><\/p>\r\n<h3 style=\"text-align: center;\">Secretary:<\/h3>\r\n<p style=\"text-align: center;\"><a href=\"https:\/\/www.munich-swinging-bells.de\/wp-content\/uploads\/2023\/04\/Karl-Heinz.png\"><img loading=\"lazy\" decoding=\"async\" class=\"aligncenter wp-image-1156\" src=\"https:\/\/www.munich-swinging-bells.de\/wp-content\/uploads\/2023\/04\/Karl-Heinz.png\" alt=\"\" width=\"200\" height=\"267\" \/><\/a><\/p>\r\n<p style=\"text-align: center;\"><a href=\"mailto:secretary@munich-swinging-bells.de\">Karl-Heinz H\u00f6rnla<\/a><br \/>Tel: +49 (0) 8131 83 829<\/p>\r\n<h3 style=\"text-align: center;\">Treasurer:<\/h3>\r\n<p style=\"text-align: center;\"><a href=\"https:\/\/www.munich-swinging-bells.de\/wp-content\/uploads\/2022\/04\/carsten.png\"><img loading=\"lazy\" decoding=\"async\" class=\"aligncenter wp-image-1156\" src=\"https:\/\/www.munich-swinging-bells.de\/wp-content\/uploads\/2022\/04\/carsten.png\" alt=\"\" width=\"200\" height=\"267\" \/><\/a><\/p>\r\n<p style=\"text-align: center;\"><a href=\"mailto:treasurer@munich-swinging-bells.de\">Carsten Sroka<\/a><br \/>Tel: +49 (0) 177 68 02 114<\/p>\r\n<p>&nbsp;<\/p>\r\n<h2>Kontaktadresse:<\/h2>\r\n<p><a href=\"mailto:kontakt@munich-swinging-bells.de\">Munich Swinging Bells<\/a><br \/>MCG Ranch, Haus 5<br \/>im B\u00fcrgerpark Oberf\u00f6hring<br \/>Oberf\u00f6hringer Stra\u00dfe 156b<br \/>81925 M\u00fcnchen<br \/>Tel. +49 (0) 89 54 84 69 05<\/p>\r\n<p>&nbsp;<\/p>\r\n<h2>Weitere Personen:<\/h2>\r\n<p><strong>Editor:<\/strong>\u00a0<a href=\"mailto:editor@munich-swinging-bells.de\">Ralf Harbach<\/a><\/p>\r\n<p>&nbsp;<\/p>\r\n<p><strong>History:<\/strong>\u00a0<a href=\"mailto:history@munich-swinging-bells.de\">Carsten Sroka<\/a><\/p>\r\n<p>&nbsp;<\/p>\r\n<p><strong>Webmaster:<\/strong>\u00a0<a href=\"mailto:webmaster@munich-swinging-bells.de\">Tobias Foell<\/a><\/p>\r\n<p style=\"text-align: center;\"><\/p>","protected":false},"excerpt":{"rendered":"<p>Boardmitglieder President: Jessica Lange Vice-President: Rosi Harbach Secretary: Karl-Heinz H\u00f6rnlaTel: +49 (0) 8131 83 829 Treasurer: Carsten SrokaTel: +49 (0) 177 68 02 114 &nbsp; Kontaktadresse: Munich Swinging BellsMCG Ranch, Haus 5im B\u00fcrgerpark Oberf\u00f6hringOberf\u00f6hringer Stra\u00dfe 156b81925 M\u00fcnchenTel. +49 (0) 89 54 84 69 05 &nbsp; Weitere Personen: Editor:\u00a0Ralf Harbach &nbsp; History:\u00a0Carsten Sroka &nbsp; Webmaster:\u00a0Tobias Foell<\/p>\n","protected":false},"author":3,"featured_media":0,"parent":0,"menu_order":0,"comment_status":"closed","ping_status":"closed","template":"","meta":{"footnotes":""},"class_list":["post-20","page","type-page","status-publish","hentry"],"_links":{"self":[{"href":"https:\/\/www.munich-swinging-bells.de\/index.php?rest_route=\/wp\/v2\/pages\/20","targetHints":{"allow":["GET"]}}],"collection":[{"href":"https:\/\/www.munich-swinging-bells.de\/index.php?rest_route=\/wp\/v2\/pages"}],"about":[{"href":"https:\/\/www.munich-swinging-bells.de\/index.php?rest_route=\/wp\/v2\/types\/page"}],"author":[{"embeddable":true,"href":"https:\/\/www.munich-swinging-bells.de\/index.php?rest_route=\/wp\/v2\/users\/3"}],"replies":[{"embeddable":true,"href":"https:\/\/www.munich-swinging-bells.de\/index.php?rest_route=%2Fwp%2Fv2%2Fcomments&post=20"}],"version-history":[{"count":31,"href":"https:\/\/www.munich-swinging-bells.de\/index.php?rest_route=\/wp\/v2\/pages\/20\/revisions"}],"predecessor-version":[{"id":2450,"href":"https:\/\/www.munich-swinging-bells.de\/index.php?rest_route=\/wp\/v2\/pages\/20\/revisions\/2450"}],"wp:attachment":[{"href":"https:\/\/www.munich-swinging-bells.de\/index.php?rest_route=%2Fwp%2Fv2%2Fmedia&parent=20"}],"curies":[{"name":"wp","href":"https:\/\/api.w.org\/{rel}","templated":true}]}}