{"id":157,"date":"2015-03-21T18:17:50","date_gmt":"2015-03-21T17:17:50","guid":{"rendered":"http:\/\/www.munich-swinging-bells.de\/?page_id=157"},"modified":"2018-02-04T15:07:01","modified_gmt":"2018-02-04T14:07:01","slug":"links","status":"publish","type":"page","link":"https:\/\/www.munich-swinging-bells.de\/?page_id=157","title":{"rendered":"Links"},"content":{"rendered":"<p>Ich habe hier eine kleine Auswahl von Verweisen zusammen getragen, diese Liste ist in keiner Weise offiziell und erhebt keinen Anspruch auf Vollst\u00e4ndigkeit.<br \/>\nSie enth\u00e4lt aber Verweise zu anderen Listen in Deutschland und anderen L\u00e4ndern.<br \/>\nIch nehme gerne weitere Verweise in diese Liste auf sendet mir eine E-Mail an Webmaster@Munich-Swinging-Bells.de.<\/p>\n<p>Desweiteren m\u00f6chte ich hier noch einmal auf den <a title=\"Haftungsausschluss\" href=\"http:\/\/www.munich-swinging-bells.de\/?page_id=186\"><strong>Haftungsausschluss f\u00fcr Links<\/strong><\/a> hinweisen.<\/p>\n<h2>Square-Dance Aktivit\u00e4ten in Deutschland:<\/h2>\n<p><a title=\"European Association of American Square Dance Clubs (EAASDC)\" href=\"https:\/\/eaasdc.eu\" target=\"_blank\" rel=\"noopener\">European Association of American Square Dance Clubs (EAASDC)<\/a><br \/>\n<a title=\"European Caller and Teachers Association (ECTA)\" href=\"http:\/\/www.ecta.de\/\" target=\"_blank\" rel=\"noopener\">European Caller and Teachers Association (ECTA)<\/a><\/p>\n<h2>Regionale Seiten in Deutschland<\/h2>\n<p><a title=\"Clubs im Raum Berlin\" href=\"http:\/\/www.bsda.de\/\" target=\"_blank\" rel=\"noopener\">Clubs im Raum Berlin<\/a><br \/>\n<a title=\"Clubs im Norden (Hamburger-Raum)\" href=\"http:\/\/www.square-dancer.net\/\" target=\"_blank\" rel=\"noopener\">Clubs im Norden (Hamburger-Raum)<\/a><br \/>\n<a title=\"Clubs in Nord Rhein Westfalen\" href=\"http:\/\/www.sdinfo.de\/nrw.htm\" target=\"_blank\" rel=\"noopener\">Clubs in Nord Rhein Westfalen\u00a0<\/a>(leider momentan nicht verf\u00fcgbar)<br \/>\n<a title=\"Clubs im S\u00fcden von Niedersachsen\" href=\"http:\/\/www.squaredance-suednds.de\/\" target=\"_blank\" rel=\"noopener\">Clubs im S\u00fcden von Niedersachsen<\/a><br \/>\n<a title=\"Clubs im Rhein Main Gebiet\" href=\"http:\/\/www.sdinfo.de\/\" target=\"_blank\" rel=\"noopener\">Clubs im Rhein Main Gebiet<\/a><br \/>\n<a title=\"Clubs im Raum Stuttgart\" href=\"http:\/\/www.srrs.de\/\" target=\"_blank\" rel=\"noopener\">Clubs im Raum Stuttgart<\/a><br \/>\n<a title=\"Clubs im Raum M\u00fcnchen\" href=\"http:\/\/www.sd-munich.de\/\" target=\"_blank\" rel=\"noopener\">Clubs im Raum M\u00fcnchen<\/a><br \/>\n<a title=\"Clubs im Raum Regensburg\" href=\"http:\/\/www.wincorner.com\/sd\/\" target=\"_blank\" rel=\"noopener\">Clubs im Raum Regensburg<\/a><br \/>\n<a title=\"Club im Saarland\" href=\"http:\/\/joyhunterssdc.npage.de\/\" target=\"_blank\" rel=\"noopener\">Club im Saarland<\/a><\/p>\n<h2>Square Dance Aktivit\u00e4ten in Europa:<\/h2>\n<p><a title=\"Square Dance in D\u00e4nemark (DAASDC)\" href=\"http:\/\/squaredancedanmark.dk\/\" target=\"_blank\" rel=\"noopener\">Square Dance in D\u00e4nemark (DAASDC)<\/a><br \/>\n<a title=\"Square Dance in Gro\u00dfbritannien (BAASDC)\" href=\"http:\/\/www.uksquaredancing.com\/\" target=\"_blank\" rel=\"noopener\">Square Dance in Gro\u00dfbritannien (BAASDC)<\/a><br \/>\n<a title=\"Square Dance in den Niederlanden (Holland)\" href=\"http:\/\/www.squaredance.nl\/\" target=\"_blank\" rel=\"noopener\">Square Dance in den Niederlanden (Holland)<\/a><br \/>\n<a title=\"Square Dance in Norwegen (Oslo)\" href=\"http:\/\/www.oslosquaredance.org\/\" target=\"_blank\" rel=\"noopener\">Square Dance in Norwegen<\/a><br \/>\n<a title=\"Square Dance in Schweden (SAASDC)\" href=\"http:\/\/squaredans.se\/\" target=\"_blank\" rel=\"noopener\">Square Dance in Schweden (SAASDC)<\/a><br \/>\n<a title=\"Square Dance in der Schweiz\" href=\"http:\/\/www.squaredance.ch\/\" target=\"_blank\" rel=\"noopener\">Square Dance in der Schweiz<\/a><br \/>\n<a title=\"Square Dance in Tschechien und der Slowakei\" href=\"http:\/\/www.square.cz\/\" target=\"_blank\" rel=\"noopener\">Square Dance in Tschechien und der Slowakei<\/a><\/p>\n<h2>Square Dance Aktivit\u00e4ten au\u00dferhalb Europas:<\/h2>\n<h3>Canada<\/h3>\n<p><a title=\"Canadian Square &amp; Round Dance Society\" href=\"http:\/\/www.csrds.ca\/\" target=\"_blank\" rel=\"noopener\">Canadian Square &amp; Round Dance Society<\/a><br \/>\n<a title=\"The Dance Connection\" href=\"http:\/\/squaredance.bc.ca\/\" target=\"_blank\" rel=\"noopener\">The Dance Connection<\/a><\/p>\n<h3>Japan<\/h3>\n<p><a title=\"OTORI SQUARES\" href=\"http:\/\/www.angelfire.com\/ok\/otori\/\" target=\"_blank\" rel=\"noopener\">OTORI SQUARES<\/a><br \/>\n<a title=\"Noriko Takahashi\" href=\"http:\/\/noriks.tripod.com\/ENGLISH\/English-Index2.html\" target=\"_blank\" rel=\"noopener\">Noriko Takahashi<\/a><\/p>\n<h3>USA<\/h3>\n<p><a title=\"United Square Dancers of America\" href=\"http:\/\/www.usda.org\/\" target=\"_blank\" rel=\"noopener\">United Square Dancers of America<\/a><br \/>\n<a title=\"Verschiedene Inhalte zum Thema Square Dance\" href=\"http:\/\/www.dosado.com\/\" target=\"_blank\" rel=\"noopener\">Verschiedene Inhalte zum Thema Square Dance<\/a><br \/>\n<a title=\"AMERICAN CALLERS ASSOCIATION\" href=\"http:\/\/www.americancallers.com\/\" target=\"_blank\" rel=\"noopener\">AMERICAN CALLERS ASSOCIATION<\/a><br \/>\n<a title=\"CALLERLAB\" href=\"http:\/\/www.callerlab.org\/\" target=\"_blank\" rel=\"noopener\"><span style=\"line-height: 1.5;\">CALLERLAB<\/span><\/a><\/p>\n<h3><a title=\"Weltweite Sammlung von Squaredance-Inhalten\" href=\"http:\/\/www.ceder.net\/\" target=\"_blank\" rel=\"noopener\"><strong>Weltweite Sammlung von Squaredance-Inhalten<\/strong><\/a><\/h3>\n<h2>Sonstige Square Dance Links:<\/h2>\n<p><a title=\"Bewegte Square Dance Figuren\" href=\"http:\/\/noriks.tripod.com\/ENGLISH\/English-Index2.html\" target=\"_blank\" rel=\"noopener\">Bewegte Square Dance Figuren<\/a><br \/>\n<a title=\"Square Dance Clip Arts\" href=\"http:\/\/freeclipartstore.com\/\" target=\"_blank\" rel=\"noopener\">Square Dance Clip Arts<\/a><\/p>\n<h2>Round Dance<\/h2>\n<p><a title=\"Roundalab\" href=\"http:\/\/www.roundalab.org\/\" target=\"_blank\" rel=\"noopener\">Roundalab<\/a><br \/>\n<a title=\"Round Dance Server\" href=\"http:\/\/www.round-dance.de\/\" target=\"_blank\" rel=\"noopener\">Round Dance Server<\/a><\/p>\n<h2>Square Dance Shop<\/h2>\n<p><a title=\"Handb\u00fccher f\u00fcr Square Dance\" href=\"http:\/\/www.square-dancing-deutsch.de\/\" target=\"_blank\" rel=\"noopener\">Handb\u00fccher f\u00fcr Square Dance<\/a><br \/>\n<a title=\"badges &amp; more GbR Sylvia Wieners und Karl Ke\u00dfler\" href=\"http:\/\/www.badges-and-more.de\/\" target=\"_blank\" rel=\"noopener\">badges &amp; more GbR Sylvia Wieners und Karl Ke\u00dfler<\/a><br \/>\n<a title=\"Square Dance Lessons \/ Instruction \/ Dance DVD Videos by The Traveling Hoedowners\" href=\"http:\/\/www.travelinghoedowners.com\/\" target=\"_blank\" rel=\"noopener\">Square Dance Lessons \/ Instruction \/ Dance DVD Videos by The Traveling Hoedowners<\/a><\/p>\n<h2>Square Dance Reisen<\/h2>\n<p><a title=\"Square Dance Tours\" href=\"http:\/\/www.dominiktours.de\/\" target=\"_blank\" rel=\"noopener\">Square Dance Tours<\/a><\/p>\n<h2>Sonstiges<\/h2>\n<p><a title=\"Evang.-Luth. Vers\u00f6hnungskirche M\u00fcnchen\" href=\"http:\/\/www.versoehnungskirche-muenchen.de\/\" target=\"_blank\" rel=\"noopener\">Evang.-Luth. Vers\u00f6hnungskirche M\u00fcnchen<\/a><br \/>\n<a title=\"Boogie Woogie Club\" href=\"http:\/\/www.jitterbug-club.de\/\" target=\"_blank\" rel=\"noopener\">Boogie Woogie Club<\/a><\/p>\n","protected":false},"excerpt":{"rendered":"<p>Ich habe hier eine kleine Auswahl von Verweisen zusammen getragen, diese Liste ist in keiner Weise offiziell und erhebt keinen Anspruch auf Vollst\u00e4ndigkeit. Sie enth\u00e4lt aber Verweise zu anderen Listen in Deutschland und anderen L\u00e4ndern. Ich nehme gerne weitere Verweise in diese Liste auf sendet mir eine E-Mail an Webmaster@Munich-Swinging-Bells.de. Desweiteren m\u00f6chte ich hier noch\u2026 <span class=\"read-more\"><a href=\"https:\/\/www.munich-swinging-bells.de\/?page_id=157\">Weiterlesen &raquo;<\/a><\/span><\/p>\n","protected":false},"author":3,"featured_media":0,"parent":0,"menu_order":0,"comment_status":"closed","ping_status":"closed","template":"","meta":{"footnotes":""},"class_list":["post-157","page","type-page","status-publish","hentry"],"_links":{"self":[{"href":"https:\/\/www.munich-swinging-bells.de\/index.php?rest_route=\/wp\/v2\/pages\/157","targetHints":{"allow":["GET"]}}],"collection":[{"href":"https:\/\/www.munich-swinging-bells.de\/index.php?rest_route=\/wp\/v2\/pages"}],"about":[{"href":"https:\/\/www.munich-swinging-bells.de\/index.php?rest_route=\/wp\/v2\/types\/page"}],"author":[{"embeddable":true,"href":"https:\/\/www.munich-swinging-bells.de\/index.php?rest_route=\/wp\/v2\/users\/3"}],"replies":[{"embeddable":true,"href":"https:\/\/www.munich-swinging-bells.de\/index.php?rest_route=%2Fwp%2Fv2%2Fcomments&post=157"}],"version-history":[{"count":9,"href":"https:\/\/www.munich-swinging-bells.de\/index.php?rest_route=\/wp\/v2\/pages\/157\/revisions"}],"predecessor-version":[{"id":959,"href":"https:\/\/www.munich-swinging-bells.de\/index.php?rest_route=\/wp\/v2\/pages\/157\/revisions\/959"}],"wp:attachment":[{"href":"https:\/\/www.munich-swinging-bells.de\/index.php?rest_route=%2Fwp%2Fv2%2Fmedia&parent=157"}],"curies":[{"name":"wp","href":"https:\/\/api.w.org\/{rel}","templated":true}]}}