{"id":136,"date":"2015-03-21T17:42:40","date_gmt":"2015-03-21T16:42:40","guid":{"rendered":"http:\/\/www.munich-swinging-bells.de\/?page_id=136"},"modified":"2018-06-06T21:04:53","modified_gmt":"2018-06-06T19:04:53","slug":"caller-und-cuer","status":"publish","type":"page","link":"https:\/\/www.munich-swinging-bells.de\/?page_id=136","title":{"rendered":"Caller und Cuer"},"content":{"rendered":"<h2>Club Caller:<\/h2>\n<p>Christof Kettner<br \/>\nMarkus Gensberger<\/p>\n<h2>Club Cuer:<\/h2>\n<p>Martin Pr\u00fcfer<\/p>\n<p>&nbsp;<\/p>\n<h2 style=\"text-align: center;\">Christof Kettner<\/h2>\n<p style=\"text-align: center;\"><a href=\"http:\/\/www.munich-swinging-bells.de\/wp-content\/uploads\/2015\/03\/christof.jpg\"><img loading=\"lazy\" decoding=\"async\" class=\"alignnone wp-image-656\" src=\"http:\/\/www.munich-swinging-bells.de\/wp-content\/uploads\/2015\/03\/christof.jpg\" alt=\"\" width=\"200\" height=\"252\" srcset=\"https:\/\/www.munich-swinging-bells.de\/wp-content\/uploads\/2015\/03\/christof.jpg 449w, https:\/\/www.munich-swinging-bells.de\/wp-content\/uploads\/2015\/03\/christof-420x529.jpg 420w\" sizes=\"auto, (max-width: 200px) 100vw, 200px\" \/><\/a><\/p>\n<p style=\"text-align: center;\">Kontakt: Tel. 089 \/ 90 93 73 86<\/p>\n<p><strong>1983<\/strong> &#8211; Christof hat mit dem Square Dance bei den &#8222;Jolly Jokers&#8220; in M\u00fcnchen angefangen. Schon bald interessierte er sich f\u00fcr das Callen. Unterst\u00fctzt von Chris Kiendl, dem damaligen Club-Caller der &#8222;Jolly Jokers&#8220;, konnte er mit regelm\u00e4\u00dfigen Anf\u00e4nger-Tips erste Erfahrungen sammeln.<\/p>\n<p>Am <strong>8. Dezember 1984<\/strong>, auf dem Winter Jamboree in Lauda, wurde er Associate Member (damals noch &#8222;Black Badge&#8220; &#8211; Caller genannt) bei der European Caller and Teacher Association ( ECTA).<br \/>\nAktives Mitglied (damals &#8222;White-Badge&#8220;-Caller) bei ECTA wurde er dann am <strong>30.August 1986<\/strong> auf dem Fall Round Up in Crailsheim.<\/p>\n<p>Im <strong>September 1987<\/strong> suchten die &#8220; Munich Swinging Bells&#8220; einen Caller und bei einer After-Party kam die Idee auf, da\u00df Christof das \u00fcbernehmen k\u00f6nnte.<\/p>\n<p>Mit der Class <strong>87\/88<\/strong> wurde Christof dann Club-Caller der &#8222;Munich Swinging Bells&#8220;.<\/p>\n<p>W\u00e4hrend seines halbj\u00e4hrigen, beruflichen Aufenthalts <strong>1989<\/strong> in USA wurde Christof, auf Anregung des Clubcallers der &#8222;Swinging Stars&#8220; in Phoenix, Arizona &#8211; Joe Varelli, aktives Mitglied bei Caller-lab, dem weltweiten Dachverband der Square Dance Caller.<\/p>\n<p>Seit <strong>1991<\/strong> ist seine Frau Bine immer mit dabei, nicht nur wenn es um Square Dance geht. Auch die Kinder Daniel (Danny) und Vivian (Vivi) haben schon seit der Geburt Square Dance im Blut und waren auch immer mit dabei.<\/p>\n<p>Im <strong>April 1991<\/strong> begann er eine Class mit Interessierten des Country-Saloons &#8222;Kentucky&#8220; bei Rosen-heim. Die Gruppe nannte sich &#8222;Lucky Kentucky&#8220;. Sp\u00e4ter ging daraus (mit anderen Callern) der &#8222;Square Dance Club Bad Aibling&#8220;, jetzt \u201eDancing Moor Lights\u201c hervor. Christof callt seit Oktober 1996 wieder 14-t\u00e4gig in Bad Aibling.<\/p>\n<p>Von <strong>April 1996<\/strong> <strong>bis September 1997<\/strong> callte er Plus-Level bei den &#8220; Arizona Sun Devils&#8220; als zweiter Club-Caller.<\/p>\n<p>Christof war einer der Mitbegr\u00fcnder und eine zeitlang Club-Caller der Country Cloggers, einer der ersten Clogging-Clubs in Deutschland und er ist auch Gr\u00fcndungsmitglied des Plus- und A-Clubs \u201ePhantom Promenaders&#8220;.<\/p>\n<p><strong>2012<\/strong> \u2013 feierten wir mit Christof sein 20.j\u00e4hriges Clubcaller-Jubil\u00e4um und <strong>2015<\/strong> wurde er von der ECTA mit eine Urkunde f\u00fcr 30 Jahre Caller und Teacher geehrt (s.Foto).<\/p>\n<p>Nach all diesen n\u00fcchternen Zahlen, erlaube ich mir noch anzuf\u00fcgen, wie die T\u00e4nzer der Munich Swinging Bells Ihren Club Caller Christof sehen:<\/p>\n<p>F\u00fcr uns alle ist Christof ein aufmerksamer Ansprechpartner f\u00fcr alle Square Dance Fragen, der ru-hende Pol an den Club-Abenden und bei der Class, seine Ausstrahlung \u00fcberdeckt auch in schwieri-gen Figurenkombinationen die Unsicherheit der T\u00e4nzer, stets zu einer Gaudi aufgelegt, einfach un-ersetzlich f\u00fcr unseren Club!<br \/>\nWir freuen uns, noch viele humorvolle Square Dance Tips bei ihm tanzen zu k\u00f6nnen.<\/p>\n<p>&nbsp;<\/p>\n<h2 style=\"text-align: center;\">Markus Gensberger<\/h2>\n<p><img loading=\"lazy\" decoding=\"async\" class=\"aligncenter wp-image-979\" src=\"https:\/\/www.munich-swinging-bells.de\/wp-content\/uploads\/2018\/06\/Markus-MSB-1.jpg\" alt=\"\" width=\"200\" height=\"240\" \/><\/p>\n<p style=\"text-align: center;\">Tel. 089 \/ 121 926 37<\/p>\n<p>Markus lernte ab <strong>Oktober 1992<\/strong> bei den Munich Dip-N-Divers Square Dance, wo er im <strong>Juli 1993<\/strong> graduiert wurde.<\/p>\n<p>Schon w\u00e4hrend der Class konnte Markus sich nur schwer zur\u00fcckhalten beim Mitsingen, weshalb er sich \u2013 damals noch ohne Wissen seiner Eltern (f\u00fcr die sollte es auch eine \u00dcberraschung sein), f\u00fcr einen Callernachwuchsabend im <strong>August 1993<\/strong> bei den Dip-N-Divers anmeldete, und so seine allerersten Schritte als Caller unternahm.<\/p>\n<p>Unterst\u00fctzt wurde Markus dabei von den damaligen Clubcallern Chris Kiendl und Tony Sedlmayr. Das Callen gefiel Markus so gut, dass er von nun an \u00f6fter als Gastcaller f\u00fcr einen Tipp bei den Dip-N-Divers am Mikro stand, bis er einige Monate sp\u00e4ter seine erste Callerschule besuchte, wo die Grundlagen f\u00fcr seinen Weg als Caller gelegt wurden.<\/p>\n<p>Weitere Schulungen folgten in den Folgejahren bei den Coaches Al Stevens, Jim Mayo und Kenny Reese.<\/p>\n<p>Im <strong>November 1994<\/strong> \u00fcbernahm Markus seinen ersten Club als Clubcaller, die T\u00f6lzer Twirlers. Dabei wurde er von seinem Mentor, Chris Kiendl, und auch Hans Wandtner (ebenfalls Clubcaller der T\u00f6lzer Twirlers) unterst\u00fctzt. F\u00fcr die T\u00f6lzer Twirlers callte Markus insgesamt 10 Jahre, bis er aus beruflichen Gr\u00fcnden aufh\u00f6ren musste.<\/p>\n<p>Dem Caller Dachverband &#8222;European Callers and Teachers Association\u201c ( ECTA) geh\u00f6rt Markus seit <strong>1995<\/strong> als \u201cActive Member\u201c (White Badge) an.<\/p>\n<p>Markus\u2018 bisherige Stationen im M\u00fcnchener Raum als Caller waren:<\/p>\n<p><strong>1994 \u2013 2004<\/strong> T\u00f6lzer Twirlers<br \/>\n<strong>1995 \u2013 1997<\/strong> Smiling Trailers Hofolding<br \/>\n<strong>1997 \u2013 1999<\/strong> Dreaming Igel Sauerlach<br \/>\n<strong>2001 \u2013 2006<\/strong> Wild West Dancers Freising<br \/>\n<strong>2001 \u2013 2006<\/strong> Hurly Burly Magix Schwaig<br \/>\n<strong>2002 \u2013 2016<\/strong> Munich Outlaws<\/p>\n<p><strong>2000 \u2013 heute<\/strong> Munich Dip-N-Divers<\/p>\n<p>Bei den Munich Swinging Bells ist Markus seit <strong>Januar 2004<\/strong> als Clubcaller im Einsatz, wo er zusammen mit seinen Freunden Christof und Martin die Clubabende gestaltet.<\/p>\n<p><strong>2006<\/strong> lernte Markus mit seiner Birgit Round Dance bei den Swinging Bells, wundert euch daher nicht wenn\u2018s seitdem auch mal \u201eround geht\u201c<\/p>\n<p>Im <strong>August 2007<\/strong> heiratete Markus seine Birgit in der Vers\u00f6hnungskirche, mit vielen Square Dance Freunden.<\/p>\n<p><strong>2013<\/strong> feierten wir sein 20-j\u00e4hriges Caller-Jubil\u00e4um und<br \/>\n<strong>2014<\/strong> sein 10-j\u00e4hriges Clubcaller-Jubil\u00e4um.<\/p>\n<p>Markus ist mittlerweile auf vielen Clubabenden sowie zahlreichen Square Dance Veranstaltungen in Deutschland, \u00d6sterreich und Belgien, sowie auf Jamborees und Square Dance Demos zu h\u00f6ren.<\/p>\n<p>Was macht ein Caller, wenn er nicht auf der B\u00fchne steht?<\/p>\n<p>Nach einer Umschulung zum Gro\u00df- und Au\u00dfenhandelskaufmann fasste Markus in der IT- Industrie Fu\u00df, wo f\u00fcr einen der weltweit gr\u00f6\u00dften IT Hersteller arbeitet. Seinem ersten Beruf als Konditor ist er jedoch nach wie vor treu geblieben und entwickelt leckere Torten- und Kuchenrezepte, welche man auch in den div. Clubzeitungen nachlesen und nachbacken kann.<\/p>\n<p>Seit einiger Zeit geh\u00f6rt auch der Modellflug zu seinen Hobbies. Unser Cuer Martin hat ihn damit infiziert. Seitdem hei\u00dft es bei sch\u00f6nem Wetter auch schon mal \u201eWind Nord Ost Startbahn 03\u201c.<\/p>\n<p><strong>Flott, flotter, noch schneller \u2013 das ist sein Ding. Wir lieben es. Mach weiter so!<\/strong><\/p>\n<h2 style=\"text-align: center;\">Martin Pr\u00fcfer<\/h2>\n<p style=\"text-align: center;\"><a href=\"http:\/\/www.munich-swinging-bells.de\/wp-content\/uploads\/2015\/03\/martin-pruefer.jpg\"><img loading=\"lazy\" decoding=\"async\" class=\"alignnone size-full wp-image-147\" src=\"http:\/\/www.munich-swinging-bells.de\/wp-content\/uploads\/2015\/03\/martin-pruefer.jpg\" alt=\"martin pruefer\" width=\"400\" height=\"309\" \/><\/a><\/p>\n<p style=\"text-align: center;\">Kontakt: Tel. 089 \/ 78 39 02<\/p>\n<p>Square Dance lernte Martin in den Jahren 1984\/1985 bei den Lion Town Squares in Braunschweig. Kurz nach seiner Graduation sah er zum ersten Mal Round Dance und war sofort begeistert.<br \/>\nDie eigene Class noch nicht ganz beendet, startete er in Braunschweig mit einer eigenen Round Dance Class. Daraus wuchs der Club Strolling Feet, der im letzten Jahr mit einem Special sein 10 j\u00e4hriges Bestehen gefeiert hat. Auch in Magdeburg &#8211; der Partnerstadt Braunschweigs &#8211; cuete Martin 4 Jahre lang f\u00fcr die Magdeburger Halbkugeln.<br \/>\nIn der ECTA, dem europ\u00e4ischen Dachverband f\u00fcr Caller und Cuer hat Martin 1990 seine Pr\u00fcfung zum Active Member abgelegt. Vielen T\u00e4nzern ist Martin als Betreiber des Round Dance Web-Servers bekannt, auf dem die Choreographien f\u00fcr viele T\u00e4nze zu finden sind (http:\/\/www.Round-Dance.de\/).<br \/>\nInzwischen lebt Martin mit seiner Partnerin Marisa Magnier in M\u00fcnchen. Dort ist Martin bei einem gro\u00dfen Elektrokonzern t\u00e4tig. Martin cuet derzeit 2-3 mal die Woche, was schon nicht mehr viel Zeit f\u00fcr die anderen Hobbys \u00fcbrigl\u00e4\u00dft.<br \/>\nZum einen cuet er f\u00fcr die Munich Swinging BelIs (derzeit zweitgr\u00f6\u00dfter Club M\u00fcnchens), und hat in diesem Rahmen auch bei der Organisation des Fall Round-Up 1999 mitgearbeitet. Und im S\u00fcden von M\u00fcnchen haben Marisa und Martin im Rahmen des SV Taufkirchen eine neue Gruppe aufgebaut.<br \/>\nAu\u00dferdem cuet Martin gemeinsam mit seinen Cuer Kollegen Manuela S\u00fc\u00df, J\u00fcrgen M\u00fcller und Klaus V\u00f6lkI f\u00fcr die Tamara Twirlers. Martin und Marisa hatten in den letzten Jahren 2 parallel laufende Round-Classes zu betreut. Beide Classes wurden im Herbst mit einer gemeinsamen Graduation erfolgreich abgeschlossen worden.<br \/>\nIn den letzten Jahren stand Martin auf mehreren Veranstaltungen auf dem Programm. Und auch im neuen Jahr: bereits eine Woche nach dem Mountain Mash ist die erste Veranstaltung geplant.<br \/>\nW\u00e4hrend der Vorbereitung f\u00fcr das Fall Round-Up 99, hat Martin das N\u00e4hen auf der N\u00e4hmaschine der Frau eines befreundeten M\u00fcnchener Callers gelernt. Und das hat so viel Spa\u00df gemacht, da\u00df er schon bald nur so als Test einen Rock n\u00e4hte, den Euch Marisa sicher vorf\u00fchren wird. Und damit war klar: beim Mountain Mash 1999 haben beide einen N\u00e4hworkshop angeboten.<br \/>\nWeitere Interessen von Martin sind der Gesellschaftstanz, Amateurfunk, Star Treck, \u00dc-Eier-Figuren und Radfahren. Und weil es heute so dazugeh\u00f6rt, findet Ihr mehr \u00fcber Martin unter\u00a0seiner pers\u00f6nlichen Seite<\/p>\n","protected":false},"excerpt":{"rendered":"<p>Club Caller: Christof Kettner Markus Gensberger Club Cuer: Martin Pr\u00fcfer &nbsp; Christof Kettner Kontakt: Tel. 089 \/ 90 93 73 86 1983 &#8211; Christof hat mit dem Square Dance bei den &#8222;Jolly Jokers&#8220; in M\u00fcnchen angefangen. Schon bald interessierte er sich f\u00fcr das Callen. Unterst\u00fctzt von Chris Kiendl, dem damaligen Club-Caller der &#8222;Jolly Jokers&#8220;, konnte\u2026 <span class=\"read-more\"><a href=\"https:\/\/www.munich-swinging-bells.de\/?page_id=136\">Weiterlesen &raquo;<\/a><\/span><\/p>\n","protected":false},"author":3,"featured_media":0,"parent":0,"menu_order":0,"comment_status":"closed","ping_status":"closed","template":"","meta":{"footnotes":""},"class_list":["post-136","page","type-page","status-publish","hentry"],"_links":{"self":[{"href":"https:\/\/www.munich-swinging-bells.de\/index.php?rest_route=\/wp\/v2\/pages\/136","targetHints":{"allow":["GET"]}}],"collection":[{"href":"https:\/\/www.munich-swinging-bells.de\/index.php?rest_route=\/wp\/v2\/pages"}],"about":[{"href":"https:\/\/www.munich-swinging-bells.de\/index.php?rest_route=\/wp\/v2\/types\/page"}],"author":[{"embeddable":true,"href":"https:\/\/www.munich-swinging-bells.de\/index.php?rest_route=\/wp\/v2\/users\/3"}],"replies":[{"embeddable":true,"href":"https:\/\/www.munich-swinging-bells.de\/index.php?rest_route=%2Fwp%2Fv2%2Fcomments&post=136"}],"version-history":[{"count":8,"href":"https:\/\/www.munich-swinging-bells.de\/index.php?rest_route=\/wp\/v2\/pages\/136\/revisions"}],"predecessor-version":[{"id":981,"href":"https:\/\/www.munich-swinging-bells.de\/index.php?rest_route=\/wp\/v2\/pages\/136\/revisions\/981"}],"wp:attachment":[{"href":"https:\/\/www.munich-swinging-bells.de\/index.php?rest_route=%2Fwp%2Fv2%2Fmedia&parent=136"}],"curies":[{"name":"wp","href":"https:\/\/api.w.org\/{rel}","templated":true}]}}